{"id":3192,"date":"2025-05-13T14:51:00","date_gmt":"2025-05-13T09:21:00","guid":{"rendered":"https:\/\/witcritic.com\/?page_id=3192"},"modified":"2025-05-13T14:56:28","modified_gmt":"2025-05-13T09:26:28","slug":"world","status":"publish","type":"page","link":"https:\/\/witcritic.com\/index.php\/world\/","title":{"rendered":"World"},"content":{"rendered":"\t\t<div data-elementor-type=\"wp-page\" data-elementor-id=\"3192\" class=\"elementor elementor-3192\">\n\t\t\t\t\t\t<section class=\"elementor-section elementor-top-section elementor-element elementor-element-a217a25 elementor-section-boxed elementor-section-height-default elementor-section-height-default\" data-id=\"a217a25\" data-element_type=\"section\" data-e-type=\"section\">\n\t\t\t\t\t\t<div class=\"elementor-container elementor-column-gap-default\">\n\t\t\t\t\t<div class=\"elementor-column elementor-col-100 elementor-top-column elementor-element elementor-element-beb59d1\" data-id=\"beb59d1\" data-element_type=\"column\" data-e-type=\"column\">\n\t\t\t<div class=\"elementor-widget-wrap elementor-element-populated\">\n\t\t\t\t\t\t<div class=\"elementor-element elementor-element-c43a6ab elementor-widget elementor-widget-heading\" data-id=\"c43a6ab\" data-element_type=\"widget\" data-e-type=\"widget\" data-widget_type=\"heading.default\">\n\t\t\t\t<div class=\"elementor-widget-container\">\n\t\t\t\t\t<h2 class=\"elementor-heading-title elementor-size-default\"><h1 style=\"font-size: 20px;line-height: 25px;font-style: normal\">WORLD NEWS<span style=\"font-size: 2rem;font-style: inherit\"><\/span><\/h1><\/h2>\t\t\t\t<\/div>\n\t\t\t\t<\/div>\n\t\t\t\t\t<\/div>\n\t\t<\/div>\n\t\t\t\t\t<\/div>\n\t\t<\/section>\n\t\t\t\t<\/div>\n\t\t","protected":false},"excerpt":{"rendered":"<p>WORLD NEWS<\/p>\n","protected":false},"author":1,"featured_media":0,"parent":0,"menu_order":0,"comment_status":"closed","ping_status":"closed","template":"","meta":{"googlesitekit_rrm_CAow3MbQCw:productID":"","site-sidebar-layout":"no-sidebar","site-content-layout":"page-builder","ast-site-content-layout":"full-width-container","site-content-style":"default","site-sidebar-style":"default","ast-global-header-display":"","ast-banner-title-visibility":"","ast-main-header-display":"","ast-hfb-above-header-display":"","ast-hfb-below-header-display":"","ast-hfb-mobile-header-display":"","site-post-title":"disabled","ast-breadcrumbs-content":"","ast-featured-img":"disabled","footer-sml-layout":"","theme-transparent-header-meta":"","adv-header-id-meta":"","stick-header-meta":"","header-above-stick-meta":"","header-main-stick-meta":"","header-below-stick-meta":"","astra-migrate-meta-layouts":"default","ast-page-background-enabled":"default","ast-page-background-meta":{"desktop":{"background-color":"var(--ast-global-color-4)","background-image":"","background-repeat":"repeat","background-position":"center center","background-size":"auto","background-attachment":"scroll","background-type":"","background-media":"","overlay-type":"","overlay-color":"","overlay-opacity":"","overlay-gradient":""},"tablet":{"background-color":"","background-image":"","background-repeat":"repeat","background-position":"center center","background-size":"auto","background-attachment":"scroll","background-type":"","background-media":"","overlay-type":"","overlay-color":"","overlay-opacity":"","overlay-gradient":""},"mobile":{"background-color":"","background-image":"","background-repeat":"repeat","background-position":"center center","background-size":"auto","background-attachment":"scroll","background-type":"","background-media":"","overlay-type":"","overlay-color":"","overlay-opacity":"","overlay-gradient":""}},"ast-content-background-meta":{"desktop":{"background-color":"var(--ast-global-color-5)","background-image":"","background-repeat":"repeat","background-position":"center center","background-size":"auto","background-attachment":"scroll","background-type":"","background-media":"","overlay-type":"","overlay-color":"","overlay-opacity":"","overlay-gradient":""},"tablet":{"background-color":"var(--ast-global-color-5)","background-image":"","background-repeat":"repeat","background-position":"center center","background-size":"auto","background-attachment":"scroll","background-type":"","background-media":"","overlay-type":"","overlay-color":"","overlay-opacity":"","overlay-gradient":""},"mobile":{"background-color":"var(--ast-global-color-5)","background-image":"","background-repeat":"repeat","background-position":"center center","background-size":"auto","background-attachment":"scroll","background-type":"","background-media":"","overlay-type":"","overlay-color":"","overlay-opacity":"","overlay-gradient":""}},"jetpack_post_was_ever_published":false,"footnotes":""},"class_list":["post-3192","page","type-page","status-publish","hentry"],"jetpack-related-posts":[{"id":1934,"url":"https:\/\/witcritic.com\/index.php\/famous-writers-around-the-world\/","url_meta":{"origin":3192,"position":0},"title":"Famous Writers Around the World","author":"witcritic","date":"July 11, 2023","format":false,"excerpt":"Famous Writers Around the World AuthorsSpanish \u00c1lvaro Cepeda Samudio\u00c1lvaro MutisAdolfo Bioy CasaresAlejo CarpentierAntonio Ben\u00edtez RojoAntonio Sk\u00e1rmetaArturo Uslar PietriAugusto Roa BastosBonaparte Gautreaux Pi\u00f1eyroCarlos Fuentes CarlosMart\u00ednez MorenoC\u00e9sar VallejoCiro Alegr\u00edaEduardo MalleaElena GarroEmilio D\u00edaz Valc\u00e1rcelErnesto CardenalFelisberto Hern\u00e1ndezF\u00e9lix Pita Rodr\u00edguezFranklin Mieses BurgosGabriel Garc\u00eda M\u00e1rquezGuillermo Cabrera InfanteHeberto PadillaHernando T\u00e9llezHoracio QuirogaJes\u00fas D\u00edazJorge Ibarg\u00fcengoitiaJorge Luis BorgesJos\u00e9 Alc\u00e1ntara Alm\u00e1nzarJos\u00e9\u2026","rel":"","context":"Similar post","block_context":{"text":"Similar post","link":""},"img":{"alt_text":"","src":"","width":0,"height":0},"classes":[]},{"id":3184,"url":"https:\/\/witcritic.com\/index.php\/literature\/","url_meta":{"origin":3192,"position":1},"title":"Literature","author":"witcritic","date":"May 13, 2025","format":false,"excerpt":"Welcome to Wit Critic British Literature, World Literature, Literary Criticism & Theories, E- Books, Art Tourism, News & etc British Literature Greco-Roman PeriodOld English LiteratureMiddle English PeriodAge of ChaucerAge of RevivalThe RenaissanceElizabethan AgeJacobean AgeCaroline Age\u00a0Commonwealth PeriodThe Neoclassical PeriodRestoration PeriodThe Augustan AgeAge of SensibilityThe Romantic PeriodThe Victorian PeriodThe Modern PeriodThe Post\u2026","rel":"","context":"Similar post","block_context":{"text":"Similar post","link":""},"img":{"alt_text":"British Literature","src":"https:\/\/i0.wp.com\/witcritic.com\/wp-content\/uploads\/2023\/07\/image-23-2.png?resize=350%2C200&ssl=1","width":350,"height":200},"classes":[]},{"id":2022,"url":"https:\/\/witcritic.com\/index.php\/american-literature\/","url_meta":{"origin":3192,"position":2},"title":"American Literature","author":"witcritic","date":"July 12, 2023","format":false,"excerpt":"American Literature The period of American literature from the 17th to the 19th century encompasses the early colonization of America, the exploration of the land, and the diverse cultural backgrounds of the people who settled there. Here are some key points about American literature during this time: 1. Cultural Diversity:\u2026","rel":"","context":"Similar post","block_context":{"text":"Similar post","link":""},"img":{"alt_text":"","src":"https:\/\/i0.wp.com\/witcritic.com\/wp-content\/uploads\/2023\/07\/columbus.jpg?resize=350%2C200&ssl=1","width":350,"height":200,"srcset":"https:\/\/i0.wp.com\/witcritic.com\/wp-content\/uploads\/2023\/07\/columbus.jpg?resize=350%2C200&ssl=1 1x, https:\/\/i0.wp.com\/witcritic.com\/wp-content\/uploads\/2023\/07\/columbus.jpg?resize=525%2C300&ssl=1 1.5x, https:\/\/i0.wp.com\/witcritic.com\/wp-content\/uploads\/2023\/07\/columbus.jpg?resize=700%2C400&ssl=1 2x"},"classes":[]},{"id":1981,"url":"https:\/\/witcritic.com\/index.php\/british-literature\/","url_meta":{"origin":3192,"position":3},"title":"British Literature","author":"witcritic","date":"July 11, 2023","format":false,"excerpt":"British Literature British Literature\u00a0can be divided into several distinct periods, each characterized by its own literary styles, themes, and historical context. The Old English period (450-1100) includes works like Beowulf. The Middle English period (1100-1500) gave us Chaucer's \"Canterbury Tales.\" The Renaissance period (1500-1660) saw the emergence of great playwrights\u2026","rel":"","context":"Similar post","block_context":{"text":"Similar post","link":""},"img":{"alt_text":"","src":"https:\/\/i0.wp.com\/witcritic.com\/wp-content\/uploads\/2024\/02\/68151-Agra-Marble-Emporium.jpg?fit=1200%2C675&ssl=1&resize=350%2C200","width":350,"height":200,"srcset":"https:\/\/i0.wp.com\/witcritic.com\/wp-content\/uploads\/2024\/02\/68151-Agra-Marble-Emporium.jpg?fit=1200%2C675&ssl=1&resize=350%2C200 1x, https:\/\/i0.wp.com\/witcritic.com\/wp-content\/uploads\/2024\/02\/68151-Agra-Marble-Emporium.jpg?fit=1200%2C675&ssl=1&resize=525%2C300 1.5x, https:\/\/i0.wp.com\/witcritic.com\/wp-content\/uploads\/2024\/02\/68151-Agra-Marble-Emporium.jpg?fit=1200%2C675&ssl=1&resize=700%2C400 2x, https:\/\/i0.wp.com\/witcritic.com\/wp-content\/uploads\/2024\/02\/68151-Agra-Marble-Emporium.jpg?fit=1200%2C675&ssl=1&resize=1050%2C600 3x"},"classes":[]},{"id":90,"url":"https:\/\/witcritic.com\/index.php\/glossary-of-literary-terms\/","url_meta":{"origin":3192,"position":4},"title":"Glossary of literary terms","author":"witcritic","date":"December 4, 2023","format":false,"excerpt":"Glossary of Literary Terms This glossary of literary terms is a list of definitions of terms and concepts used in the discussion, classification, analysis, and criticism of all types of literature, such as poetry, novels, and picture books, as well as of grammar, syntax, and language techniques. Literary terms A\u2026","rel":"","context":"Similar post","block_context":{"text":"Similar post","link":""},"img":{"alt_text":"Glossary of Literary Terms","src":"https:\/\/i0.wp.com\/witcritic.com\/wp-content\/uploads\/2023\/07\/Dramatic-monologue-1024x683.jpg?resize=350%2C200&ssl=1","width":350,"height":200,"srcset":"https:\/\/i0.wp.com\/witcritic.com\/wp-content\/uploads\/2023\/07\/Dramatic-monologue-1024x683.jpg?resize=350%2C200&ssl=1 1x, https:\/\/i0.wp.com\/witcritic.com\/wp-content\/uploads\/2023\/07\/Dramatic-monologue-1024x683.jpg?resize=525%2C300&ssl=1 1.5x, https:\/\/i0.wp.com\/witcritic.com\/wp-content\/uploads\/2023\/07\/Dramatic-monologue-1024x683.jpg?resize=700%2C400&ssl=1 2x"},"classes":[]},{"id":2,"url":"https:\/\/witcritic.com\/index.php\/sample-page\/","url_meta":{"origin":3192,"position":5},"title":"About Us Wit Critic","author":"witcritic","date":"August 22, 2022","format":false,"excerpt":"Wit Critic Literature blog Arts & Literature, Lifestyle, Sports, Technology, News, Education, etc","rel":"","context":"Similar post","block_context":{"text":"Similar post","link":""},"img":{"alt_text":"","src":"","width":0,"height":0},"classes":[]}],"jetpack_sharing_enabled":true,"_links":{"self":[{"href":"https:\/\/witcritic.com\/index.php\/wp-json\/wp\/v2\/pages\/3192","targetHints":{"allow":["GET"]}}],"collection":[{"href":"https:\/\/witcritic.com\/index.php\/wp-json\/wp\/v2\/pages"}],"about":[{"href":"https:\/\/witcritic.com\/index.php\/wp-json\/wp\/v2\/types\/page"}],"author":[{"embeddable":true,"href":"https:\/\/witcritic.com\/index.php\/wp-json\/wp\/v2\/users\/1"}],"replies":[{"embeddable":true,"href":"https:\/\/witcritic.com\/index.php\/wp-json\/wp\/v2\/comments?post=3192"}],"version-history":[{"count":4,"href":"https:\/\/witcritic.com\/index.php\/wp-json\/wp\/v2\/pages\/3192\/revisions"}],"predecessor-version":[{"id":3197,"href":"https:\/\/witcritic.com\/index.php\/wp-json\/wp\/v2\/pages\/3192\/revisions\/3197"}],"wp:attachment":[{"href":"https:\/\/witcritic.com\/index.php\/wp-json\/wp\/v2\/media?parent=3192"}],"curies":[{"name":"wp","href":"https:\/\/api.w.org\/{rel}","templated":true}]}}